{"id":9298,"date":"2025-08-08T07:56:16","date_gmt":"2025-08-08T10:56:16","guid":{"rendered":"https:\/\/cepct.social.mg.gov.br\/?page_id=9298"},"modified":"2025-08-08T07:56:16","modified_gmt":"2025-08-08T10:56:16","slug":"deliberacoes","status":"publish","type":"page","link":"https:\/\/cepct.social.mg.gov.br\/?page_id=9298","title":{"rendered":"Delibera\u00e7\u00f5es"},"content":{"rendered":"<p><strong>DELIBERA\u00c7\u00c3O CEPCT &#8211; MG N\u00ba 01, DE 08 DE AGOSTO DE 2025<br \/>\n<\/strong><br \/>\nEstabelece a composi\u00e7\u00e3o do Grupo de Trabalho da Comiss\u00e3o Estadual de Povos e Comunidades Tradicionais de Minas Gerais-CEPCT\/MG,destinado a para planejar e apoiar na organiza\u00e7\u00e3o do III Encontro Estadual de Povos e Comunidades Tradicionais de Minas Gerais e d\u00e1 outras provid\u00eancias.<\/p>\n<p><a class=\"fasc-button fasc-size-medium fasc-type-flat fasc-ico-before dashicons-arrow-down-alt\" style=\"background-color: #33809e; color: #ffffff;\" href=\"https:\/\/cepct.social.mg.gov.br\/wp-content\/uploads\/2025\/08\/DELIBERACAO-CEPCT-MG-No-01-DE-08-DE-AGOSTO-DE-2025.pdf\">Baixar<\/a><\/p>\n","protected":false},"excerpt":{"rendered":"<p>DELIBERA\u00c7\u00c3O CEPCT &#8211; MG N\u00ba 01, DE 08 DE AGOSTO DE 2025 Estabelece a composi\u00e7\u00e3o do Grupo de Trabalho da Comiss\u00e3o Estadual de Povos e Comunidades Tradicionais de Minas Gerais-CEPCT\/MG,destinado a para planejar e apoiar na organiza\u00e7\u00e3o do III Encontro Estadual de Povos e Comunidades Tradicionais de Minas Gerais e d\u00e1 outras provid\u00eancias. Baixar<\/p>\n","protected":false},"author":7,"featured_media":0,"parent":0,"menu_order":0,"comment_status":"closed","ping_status":"closed","template":"","meta":{"_monsterinsights_skip_tracking":false,"_monsterinsights_sitenote_active":false,"_monsterinsights_sitenote_note":"","_monsterinsights_sitenote_category":0,"footnotes":""},"class_list":["post-9298","page","type-page","status-publish","hentry"],"aioseo_notices":[],"featured_media_urls":[],"_links":{"self":[{"href":"https:\/\/cepct.social.mg.gov.br\/index.php?rest_route=\/wp\/v2\/pages\/9298","targetHints":{"allow":["GET"]}}],"collection":[{"href":"https:\/\/cepct.social.mg.gov.br\/index.php?rest_route=\/wp\/v2\/pages"}],"about":[{"href":"https:\/\/cepct.social.mg.gov.br\/index.php?rest_route=\/wp\/v2\/types\/page"}],"author":[{"embeddable":true,"href":"https:\/\/cepct.social.mg.gov.br\/index.php?rest_route=\/wp\/v2\/users\/7"}],"replies":[{"embeddable":true,"href":"https:\/\/cepct.social.mg.gov.br\/index.php?rest_route=%2Fwp%2Fv2%2Fcomments&post=9298"}],"version-history":[{"count":1,"href":"https:\/\/cepct.social.mg.gov.br\/index.php?rest_route=\/wp\/v2\/pages\/9298\/revisions"}],"predecessor-version":[{"id":9300,"href":"https:\/\/cepct.social.mg.gov.br\/index.php?rest_route=\/wp\/v2\/pages\/9298\/revisions\/9300"}],"wp:attachment":[{"href":"https:\/\/cepct.social.mg.gov.br\/index.php?rest_route=%2Fwp%2Fv2%2Fmedia&parent=9298"}],"curies":[{"name":"wp","href":"https:\/\/api.w.org\/{rel}","templated":true}]}}