{"id":9233,"date":"2025-04-09T08:31:18","date_gmt":"2025-04-09T11:31:18","guid":{"rendered":"http:\/\/200.198.49.238\/cepct\/?page_id=9233"},"modified":"2025-10-03T09:22:31","modified_gmt":"2025-10-03T12:22:31","slug":"certificados-emitidos","status":"publish","type":"page","link":"https:\/\/cepct.social.mg.gov.br\/?page_id=9233","title":{"rendered":"Certificados Emitidos"},"content":{"rendered":"\t\t<div data-elementor-type=\"wp-page\" data-elementor-id=\"9233\" class=\"elementor elementor-9233\" data-elementor-post-type=\"page\">\n\t\t\t\t<div class=\"elementor-element elementor-element-c1bfc00 e-flex e-con-boxed e-con e-parent\" data-id=\"c1bfc00\" data-element_type=\"container\">\n\t\t\t\t\t<div class=\"e-con-inner\">\n\t\t\t\t<div class=\"elementor-element elementor-element-f1d53d9 elementor-widget elementor-widget-text-editor\" data-id=\"f1d53d9\" data-element_type=\"widget\" data-widget_type=\"text-editor.default\">\n\t\t\t\t<div class=\"elementor-widget-container\">\n\t\t\t\t\t\t\t\t\t<p><strong>Certificados de Autodefini\u00e7\u00e3o emitidos:<\/strong><\/p>\n<p><strong>2025:<\/strong><\/p>\n<p>No ano de 2025 foram publicadas 22 (vinte duas) Certifica\u00e7\u00f5es de Autodefini\u00e7\u00e3o de Povos e Comunidades Tradicionais, conforme estipulado em Decreto n\u00ba 47.289, de 20\/11\/2017, que regulamenta a Lei n\u00ba 21.147, de 14 de janeiro de 2014, que institui a pol\u00edtica estadual para o desenvolvimento sustent\u00e1vel dos povos e comunidades tradicionais de Minas Gerais.<\/p>\n<p>Conforme o referido Decreto em seu art 3\u00ba II &#8211; sua emiss\u00e3o \u00e9 condicionada \u00e0 observ\u00e2ncia do seguinte rito: visita ao local a que se refere a al\u00ednea c do inciso I, realizada por representante do povo ou comunidade no \u00e2mbito da CEPCT-MG, a expensas da presid\u00eancia da referida Comiss\u00e3o, visando a discutir e a aprimorar o entendimento do povo ou da comunidade solicitante quanto ao processo de reconhecimento formal.<\/p>\n<p><strong>Comunidades:<\/strong><\/p>\n<p>Comunidade Geraizeira de Cutica<br>Centro de Umbanda Nan\u00e3 e Yemanj\u00e1 e Manzo Ndanji Kyanda<br>Casa De Pai Benedito<br>Templo Cigano S\u00e3o Sebasti\u00e3o e Santa B\u00e1rbara <br>Irmandade de Nossa Senhora do Ros\u00e1rio da Col\u00f4nia Santa Isabel<br>Terreiro Il\u00ea Ax\u00e9 Orix\u00e1 Xang\u00f4<br>Terreiro Nzo Atim Kaiango Ua Mukongo &#8211; Muiji dya Miin Nkokondya \u2013 <br>Terreiro Nzo Mona Jindanji\/Caminhos de Ogun<br>Centro Cultural e Religioso Il\u00ea de L\u2019Oya<br>Centro Esp\u00edrita Aldeia de Canjira<br>Casa de Candombl\u00e9 Nzo Kissaba Kilembe Netos do Bate-Folhinha <br>Centro Esp\u00edrita Mae Maria Conga de Aruanda <br>Tenda Cigana Guerreiros de Ogum<br>Casa de Candombl\u00e9 Il\u00ea Ax\u00e8 Al\u00e1 Tooloribi<br>Il\u00ea Ax\u00e9 Pal\u00e1cio de Ox\u00f3ssi &#8211; Comunidade Tradicional de Matriz Africana<br>Casa de Candombl\u00e9 Ile Ax\u00e9 Bab\u00e1 Jacunam Joei<br>Terreiro de Candombl\u00e9 e Umbanda Nzo Nguzu Kukia<br>Tenda Esp\u00edrita Cabocla Janaina<br>Terreiro Bakise Mona Ixi<br>Terreiro Bakise Bantu Kasanje<br>Il\u00ea Ax\u00e9 Bab\u00e1 Od\u00e9 Orum Omin<br>Tenda de Preto Velho Luz de Aruanda<\/p>\n<p><a href=\"https:\/\/cepct.social.mg.gov.br\/wp-content\/uploads\/2025\/07\/Certificados-de-Autodefinicao-.pdf\">Publica\u00e7\u00e3o no Di\u00e1rio Oficial de Minas Gerais &#8211; 18\/07\/2025<\/a><\/p>\t\t\t\t\t\t\t\t<\/div>\n\t\t\t\t<\/div>\n\t\t\t\t\t<\/div>\n\t\t\t\t<\/div>\n\t\t<div class=\"elementor-element elementor-element-4c414d5 e-flex e-con-boxed e-con e-parent\" data-id=\"4c414d5\" data-element_type=\"container\">\n\t\t\t\t\t<div class=\"e-con-inner\">\n\t\t\t\t<div class=\"elementor-element elementor-element-613286a elementor-widget-divider--view-line elementor-widget elementor-widget-divider\" data-id=\"613286a\" data-element_type=\"widget\" data-widget_type=\"divider.default\">\n\t\t\t\t<div class=\"elementor-widget-container\">\n\t\t\t\t\t\t\t<div class=\"elementor-divider\">\n\t\t\t<span class=\"elementor-divider-separator\">\n\t\t\t\t\t\t<\/span>\n\t\t<\/div>\n\t\t\t\t\t\t<\/div>\n\t\t\t\t<\/div>\n\t\t\t\t\t<\/div>\n\t\t\t\t<\/div>\n\t\t<div class=\"elementor-element elementor-element-8d6dfda e-flex e-con-boxed e-con e-parent\" data-id=\"8d6dfda\" data-element_type=\"container\">\n\t\t\t\t\t<div class=\"e-con-inner\">\n\t\t\t\t<div class=\"elementor-element elementor-element-1beb96c6 elementor-widget elementor-widget-text-editor\" data-id=\"1beb96c6\" data-element_type=\"widget\" data-widget_type=\"text-editor.default\">\n\t\t\t\t<div class=\"elementor-widget-container\">\n\t\t\t\t\t\t\t\t\t<p><strong>Certificados de Autodefini\u00e7\u00e3o emitidos:<\/strong><\/p><p><strong>2024:<\/strong><\/p><p>No ano de 2024 foram publicadas 17 (dezessete) Certifica\u00e7\u00f5es de Autodefini\u00e7\u00e3o de Povos e Comunidades Tradicionais, conforme estipulado em Decreto n\u00ba 47.289, de 20\/11\/2017, que regulamenta a Lei n\u00ba 21.147, de 14 de janeiro de 2014, que institui a pol\u00edtica estadual para o desenvolvimento sustent\u00e1vel dos povos e comunidades tradicionais de Minas Gerais.<\/p><p>Conforme o referido Decreto em seu art 3\u00ba II &#8211; sua emiss\u00e3o \u00e9 condicionada \u00e0 observ\u00e2ncia do seguinte rito: visita ao local a que se refere a al\u00ednea c do inciso I, realizada por representante do povo ou comunidade no \u00e2mbito da CEPCT-MG, a expensas da presid\u00eancia da referida Comiss\u00e3o, visando a discutir e a aprimorar o entendimento do povo ou da comunidade solicitante quanto ao processo de reconhecimento formal. Nesse sentido, foram realizadas 27 visitas t\u00e9cnicas no ano de 2024.<\/p><p style=\"text-align: center;\"><strong>Rela\u00e7\u00e3o de comunidades certificadas pela CEPCT\/MG no ano de 2024:<\/strong><\/p>\n<table id=\"tablepress-2\" class=\"tablepress tablepress-id-2\">\n<thead>\n<tr class=\"row-1\">\n\t<th class=\"column-1\"><strong>Munic\u00edpio<\/strong><\/th><th class=\"column-2\"><strong>Segmento<\/strong><\/th><th class=\"column-3\"><strong>Comunidade<\/strong><\/th><th class=\"column-4\"><strong>Publica\u00e7\u00e3o Di\u00e1rio Oficial Eletr\u00f4nico Minas Gerais<\/strong><\/th>\n<\/tr>\n<\/thead>\n<tbody class=\"row-striping row-hover\">\n<tr class=\"row-2\">\n\t<td class=\"column-1\">Rio Doce<\/td><td class=\"column-2\">Pescadoras e Faiscadoras<\/td><td class=\"column-3\">Santana do Deserto, Matadouro; e regi\u00e3o (Quilombo, Vista Alegre, S\u00edtio Rancharia, Fazenda 14 Alqueires; Fazendinha; Sede Rio Doce (Coletivos).<\/td><td class=\"column-4\">10\/15\/2024<\/td>\n<\/tr>\n<tr class=\"row-3\">\n\t<td class=\"column-1\">Rio Pardo Minas<\/td><td class=\"column-2\">Geraizeira<\/td><td class=\"column-3\">Comunidade Geraizeira Baixa Grande<\/td><td class=\"column-4\">10\/23\/2024<\/td>\n<\/tr>\n<tr class=\"row-4\">\n\t<td class=\"column-1\">Vespasiano<\/td><td class=\"column-2\">Congadeira<\/td><td class=\"column-3\">Guarda de Congo de Nossa Senhora do Ros\u00e1rio e Guarda Marinheiro do Divino Esp\u00edrito Santo<\/td><td class=\"column-4\">10\/30\/2024<\/td>\n<\/tr>\n<tr class=\"row-5\">\n\t<td class=\"column-1\">Rio Doce<\/td><td class=\"column-2\">Pescadoras<\/td><td class=\"column-3\">Jorge e Regi\u00e3o (Fund\u00e3o, Jaracati\u00e1 de Cima, Jaracati\u00e1 de Baixo, S\u00e3o Jos\u00e9 do Entremontes; Funil; Marimbondo (Regi\u00e3o de Santana do Deserto);<\/td><td class=\"column-4\">11\/7\/2024<\/td>\n<\/tr>\n<tr class=\"row-6\">\n\t<td class=\"column-1\">Santa Cruz do Escalvado e Ponte Nova<\/td><td class=\"column-2\">Pescadoras<\/td><td class=\"column-3\">Merengo e regi\u00e3o (Merengo, C\u00f3rrego Novo, Cotas de Baixo e Cotas de Cima); Pedra do Escalvado e regi\u00e3o (C\u00f3rrego da Lavra, C\u00f3rrego da Pedra, C\u00f3rrego da Serra, C\u00f3rrego Santa Rita, Empreitada, Fazenda Esperan\u00e7a, Limeira, S\u00edtio Quati, S\u00edtio Santa Rita, Sobrado, Tabo\u00e3o e Volta Fria; Gongo e regi\u00e3o (Boa Vista, Barroca, Caet\u00e9, Chacrinha, C\u00f3rrego dos Pintos, Gongo e Ro\u00e7a Alegre), Porto Pl\u00e1cido, Pedra Preta e Cana do Reino; Simpl\u00edcio (Distrito Chopot\u00f3, Ponte Nova);<\/td><td class=\"column-4\">11\/7\/2024<\/td>\n<\/tr>\n<tr class=\"row-7\">\n\t<td class=\"column-1\">Montes Claros<\/td><td class=\"column-2\">Matriz Africana<\/td><td class=\"column-3\">Comunidade Quilombola e Matriz Africana Quilombo Nogueira<\/td><td class=\"column-4\">11\/7\/2024<\/td>\n<\/tr>\n<tr class=\"row-8\">\n\t<td class=\"column-1\">Vespasiano<\/td><td class=\"column-2\">Congadeira<\/td><td class=\"column-3\">Guarda de Mo\u00e7ambique de Santa B\u00e1rbara do Reino de Nossa Senhora do Ros\u00e1rio<\/td><td class=\"column-4\">11\/9\/2024<\/td>\n<\/tr>\n<tr class=\"row-9\">\n\t<td class=\"column-1\">S\u00e3o Jos\u00e9 da Lapa<\/td><td class=\"column-2\">Matriz Africana<\/td><td class=\"column-3\">Il\u00e8 As\u00e9 Aseg\u00fan It\u00e8siwaj\u00fa Ateros\u00fan<\/td><td class=\"column-4\">11\/12\/2024<\/td>\n<\/tr>\n<tr class=\"row-10\">\n\t<td class=\"column-1\">Santa Cruz do Escalvado e Ponte Nova<\/td><td class=\"column-2\">Pescadoras e Faiscadoras<\/td><td class=\"column-3\">Comunidades Pedra do Escalvado; Porto Pl\u00e1cido e regi\u00e3o: Viana, C\u00f3rrego do In\u00e1cio, Barra do Piranga, Ba\u00fa e S\u00edtio Guar\u00e1; Ant\u00f4nio Joaquim, Biquinha, Caracol, Chumbo, C\u00f3rrego dos Henrique, C\u00f3rrego dos Pedras, Fac\u00e3o, Quilombo, Santa Cruz do Escalvado, S\u00e3o Jos\u00e9 da Vargem Alegre, S\u00edtio Barra do Lobo, S\u00edtio da Vitiruna, S\u00edtio do Jacu e Zito Soares (coletivos);Nova Soberbo e regi\u00e3o (Buraco, Florestinha, Limoeiro, Nova Soberbo, Sert\u00e3o, S\u00edtio Contendas, S\u00edtio Jer\u00f4nimo e S\u00edtio Salazar)<\/td><td class=\"column-4\">11\/14\/2024<\/td>\n<\/tr>\n<tr class=\"row-11\">\n\t<td class=\"column-1\">Vespasiano<\/td><td class=\"column-2\">Congadeira<\/td><td class=\"column-3\">Guarda de Mo\u00e7ambique de S\u00e3o Benedito<\/td><td class=\"column-4\">11\/22\/2024<\/td>\n<\/tr>\n<tr class=\"row-12\">\n\t<td class=\"column-1\">Santa Luzia<\/td><td class=\"column-2\">Matriz Africana<\/td><td class=\"column-3\">Comunidade de Matriz Africana Casa de Cultura e Assist\u00eancia Social e da Resist\u00eancia Afro Brasileira Lod\u00e9 Apar\u00e1.<\/td><td class=\"column-4\">11\/22\/2024<\/td>\n<\/tr>\n<tr class=\"row-13\">\n\t<td class=\"column-1\">Belo Horizonte<\/td><td class=\"column-2\">Congadeira<\/td><td class=\"column-3\">Guarda de Mo\u00e7ambique e Congo Treze de Maio de Nossa Senhora do Ros\u00e1rio<\/td><td class=\"column-4\">11\/27\/2024<\/td>\n<\/tr>\n<tr class=\"row-14\">\n\t<td class=\"column-1\">Itacarambi<\/td><td class=\"column-2\">Vazanteira e Pescadora<\/td><td class=\"column-3\">Comunidade Vazanteira Pescadora Maria Preta<\/td><td class=\"column-4\">11\/27\/2024<\/td>\n<\/tr>\n<tr class=\"row-15\">\n\t<td class=\"column-1\">Pedras de Maria da Cruz<\/td><td class=\"column-2\">Vazanteira e Pescadora<\/td><td class=\"column-3\">Comunidade Vazanteira Pescadora da Venda<\/td><td class=\"column-4\">11\/27\/2024<\/td>\n<\/tr>\n<tr class=\"row-16\">\n\t<td class=\"column-1\">Itacarambi<\/td><td class=\"column-2\">Vazanteira e Pescadora<\/td><td class=\"column-3\">Comunidade Vazanteira Pescadora Cabaceiras<\/td><td class=\"column-4\">11\/27\/2024<\/td>\n<\/tr>\n<tr class=\"row-17\">\n\t<td class=\"column-1\">Itacarambi<\/td><td class=\"column-2\">Vazanteira e Pescadora<\/td><td class=\"column-3\">Comunidade Vazanteira Pescadora Barrinha<\/td><td class=\"column-4\">11\/27\/2024<\/td>\n<\/tr>\n<tr class=\"row-18\">\n\t<td class=\"column-1\">Regi\u00e3o Metropolitana de Belo Horizonte<\/td><td class=\"column-2\">Carroceira<\/td><td class=\"column-3\">Comunidade Tradicional Carroceira de Belo Horizonte e regi\u00e3o metropolitana<\/td><td class=\"column-4\">12\/10\/2024<\/td>\n<\/tr>\n<\/tbody>\n<\/table>\n<!-- #tablepress-2 from cache -->\t\t\t\t\t\t\t\t<\/div>\n\t\t\t\t<\/div>\n\t\t\t\t\t<\/div>\n\t\t\t\t<\/div>\n\t\t\t\t<\/div>\n\t\t","protected":false},"excerpt":{"rendered":"<p>Certificados de Autodefini\u00e7\u00e3o emitidos: 2025: No ano de 2025 foram publicadas 22 (vinte duas) Certifica\u00e7\u00f5es de Autodefini\u00e7\u00e3o de Povos e Comunidades Tradicionais, conforme estipulado em Decreto n\u00ba 47.289, de 20\/11\/2017, que regulamenta a Lei n\u00ba 21.147, de 14 de janeiro de 2014, que institui a pol\u00edtica estadual para o desenvolvimento sustent\u00e1vel dos povos e comunidades &hellip; <\/p>\n<p class=\"link-more\"><a href=\"https:\/\/cepct.social.mg.gov.br\/?page_id=9233\" class=\"more-link\">Leia mais<span class=\"screen-reader-text\"> &#8220;Certificados Emitidos&#8221;<\/span><\/a><\/p>\n","protected":false},"author":7,"featured_media":0,"parent":0,"menu_order":0,"comment_status":"closed","ping_status":"closed","template":"","meta":{"_monsterinsights_skip_tracking":false,"_monsterinsights_sitenote_active":false,"_monsterinsights_sitenote_note":"","_monsterinsights_sitenote_category":0,"footnotes":""},"class_list":["post-9233","page","type-page","status-publish","hentry"],"aioseo_notices":[],"featured_media_urls":[],"_links":{"self":[{"href":"https:\/\/cepct.social.mg.gov.br\/index.php?rest_route=\/wp\/v2\/pages\/9233","targetHints":{"allow":["GET"]}}],"collection":[{"href":"https:\/\/cepct.social.mg.gov.br\/index.php?rest_route=\/wp\/v2\/pages"}],"about":[{"href":"https:\/\/cepct.social.mg.gov.br\/index.php?rest_route=\/wp\/v2\/types\/page"}],"author":[{"embeddable":true,"href":"https:\/\/cepct.social.mg.gov.br\/index.php?rest_route=\/wp\/v2\/users\/7"}],"replies":[{"embeddable":true,"href":"https:\/\/cepct.social.mg.gov.br\/index.php?rest_route=%2Fwp%2Fv2%2Fcomments&post=9233"}],"version-history":[{"count":19,"href":"https:\/\/cepct.social.mg.gov.br\/index.php?rest_route=\/wp\/v2\/pages\/9233\/revisions"}],"predecessor-version":[{"id":9305,"href":"https:\/\/cepct.social.mg.gov.br\/index.php?rest_route=\/wp\/v2\/pages\/9233\/revisions\/9305"}],"wp:attachment":[{"href":"https:\/\/cepct.social.mg.gov.br\/index.php?rest_route=%2Fwp%2Fv2%2Fmedia&parent=9233"}],"curies":[{"name":"wp","href":"https:\/\/api.w.org\/{rel}","templated":true}]}}