{"id":9184,"date":"2025-04-08T11:32:10","date_gmt":"2025-04-08T14:32:10","guid":{"rendered":"http:\/\/200.198.49.238\/cepct\/?page_id=9184"},"modified":"2025-04-08T11:32:10","modified_gmt":"2025-04-08T14:32:10","slug":"camaras-tecnicas","status":"publish","type":"page","link":"https:\/\/cepct.social.mg.gov.br\/?page_id=9184","title":{"rendered":"C\u00e2maras T\u00e9cnicas"},"content":{"rendered":"<p><strong>C\u00e2mara T\u00e9cnica de Certifica\u00e7\u00e3o<\/strong>:<\/p>\n<p><strong>Coordenadora<\/strong>: Neli Santos<\/p>\n<p>&nbsp;<\/p>\n<p><strong>C\u00e2mara T\u00e9cnica de Conflito Socioambientais e regulariza\u00e7\u00e3o fundi\u00e1ria<\/strong>:<\/p>\n<p><strong>Coordenador<\/strong>: Jo\u00e3o Pio.<\/p>\n","protected":false},"excerpt":{"rendered":"<p>C\u00e2mara T\u00e9cnica de Certifica\u00e7\u00e3o: Coordenadora: Neli Santos &nbsp; C\u00e2mara T\u00e9cnica de Conflito Socioambientais e regulariza\u00e7\u00e3o fundi\u00e1ria: Coordenador: Jo\u00e3o Pio.<\/p>\n","protected":false},"author":7,"featured_media":0,"parent":0,"menu_order":0,"comment_status":"closed","ping_status":"closed","template":"","meta":{"_monsterinsights_skip_tracking":false,"_monsterinsights_sitenote_active":false,"_monsterinsights_sitenote_note":"","_monsterinsights_sitenote_category":0,"footnotes":""},"class_list":["post-9184","page","type-page","status-publish","hentry"],"aioseo_notices":[],"featured_media_urls":[],"_links":{"self":[{"href":"https:\/\/cepct.social.mg.gov.br\/index.php?rest_route=\/wp\/v2\/pages\/9184","targetHints":{"allow":["GET"]}}],"collection":[{"href":"https:\/\/cepct.social.mg.gov.br\/index.php?rest_route=\/wp\/v2\/pages"}],"about":[{"href":"https:\/\/cepct.social.mg.gov.br\/index.php?rest_route=\/wp\/v2\/types\/page"}],"author":[{"embeddable":true,"href":"https:\/\/cepct.social.mg.gov.br\/index.php?rest_route=\/wp\/v2\/users\/7"}],"replies":[{"embeddable":true,"href":"https:\/\/cepct.social.mg.gov.br\/index.php?rest_route=%2Fwp%2Fv2%2Fcomments&post=9184"}],"version-history":[{"count":1,"href":"https:\/\/cepct.social.mg.gov.br\/index.php?rest_route=\/wp\/v2\/pages\/9184\/revisions"}],"predecessor-version":[{"id":9185,"href":"https:\/\/cepct.social.mg.gov.br\/index.php?rest_route=\/wp\/v2\/pages\/9184\/revisions\/9185"}],"wp:attachment":[{"href":"https:\/\/cepct.social.mg.gov.br\/index.php?rest_route=%2Fwp%2Fv2%2Fmedia&parent=9184"}],"curies":[{"name":"wp","href":"https:\/\/api.w.org\/{rel}","templated":true}]}}