{"id":9011,"date":"2025-03-12T14:22:20","date_gmt":"2025-03-12T17:22:20","guid":{"rendered":"http:\/\/200.198.49.238\/crianca\/?page_id=9011"},"modified":"2025-04-08T13:01:15","modified_gmt":"2025-04-08T16:01:15","slug":"decreto","status":"publish","type":"page","link":"https:\/\/cepct.social.mg.gov.br\/?page_id=9011","title":{"rendered":"Decreto"},"content":{"rendered":"<p><strong>Decreto n\u00ba 48.691, de 15\/09\/2023<\/strong><\/p>\n<p>Disp\u00f5e sobre a Comiss\u00e3o Estadual para o Desenvolvimento Sustent\u00e1vel dos Povos e Comunidades Tradicionais de Minas Gerais.<\/p>\n<p><a class=\"fasc-button fasc-size-medium fasc-type-flat fasc-ico-before dashicons-arrow-down-alt\" style=\"background-color: #33809e; color: #ffffff;\" href=\"https:\/\/www.almg.gov.br\/legislacao-mineira\/DEC\/48691\/2023\/\">Baixar<\/a><\/p>\n<p>&nbsp;<\/p>\n","protected":false},"excerpt":{"rendered":"<p>Decreto n\u00ba 48.691, de 15\/09\/2023 Disp\u00f5e sobre a Comiss\u00e3o Estadual para o Desenvolvimento Sustent\u00e1vel dos Povos e Comunidades Tradicionais de Minas Gerais. Baixar &nbsp;<\/p>\n","protected":false},"author":7,"featured_media":0,"parent":0,"menu_order":0,"comment_status":"closed","ping_status":"closed","template":"","meta":{"_monsterinsights_skip_tracking":false,"_monsterinsights_sitenote_active":false,"_monsterinsights_sitenote_note":"","_monsterinsights_sitenote_category":0,"footnotes":""},"class_list":["post-9011","page","type-page","status-publish","hentry"],"aioseo_notices":[],"featured_media_urls":[],"_links":{"self":[{"href":"https:\/\/cepct.social.mg.gov.br\/index.php?rest_route=\/wp\/v2\/pages\/9011","targetHints":{"allow":["GET"]}}],"collection":[{"href":"https:\/\/cepct.social.mg.gov.br\/index.php?rest_route=\/wp\/v2\/pages"}],"about":[{"href":"https:\/\/cepct.social.mg.gov.br\/index.php?rest_route=\/wp\/v2\/types\/page"}],"author":[{"embeddable":true,"href":"https:\/\/cepct.social.mg.gov.br\/index.php?rest_route=\/wp\/v2\/users\/7"}],"replies":[{"embeddable":true,"href":"https:\/\/cepct.social.mg.gov.br\/index.php?rest_route=%2Fwp%2Fv2%2Fcomments&post=9011"}],"version-history":[{"count":4,"href":"https:\/\/cepct.social.mg.gov.br\/index.php?rest_route=\/wp\/v2\/pages\/9011\/revisions"}],"predecessor-version":[{"id":9187,"href":"https:\/\/cepct.social.mg.gov.br\/index.php?rest_route=\/wp\/v2\/pages\/9011\/revisions\/9187"}],"wp:attachment":[{"href":"https:\/\/cepct.social.mg.gov.br\/index.php?rest_route=%2Fwp%2Fv2%2Fmedia&parent=9011"}],"curies":[{"name":"wp","href":"https:\/\/api.w.org\/{rel}","templated":true}]}}