{"id":8998,"date":"2025-03-12T14:07:07","date_gmt":"2025-03-12T17:07:07","guid":{"rendered":"http:\/\/200.198.49.238\/crianca\/?page_id=8998"},"modified":"2025-04-08T15:06:55","modified_gmt":"2025-04-08T18:06:55","slug":"nomeacoes","status":"publish","type":"page","link":"https:\/\/cepct.social.mg.gov.br\/?page_id=8998","title":{"rendered":"Resolu\u00e7\u00f5es"},"content":{"rendered":"<p><span class=\"fontstyle0\"><strong>RESOLU\u00c7\u00c3O SEDESE N\u00ba 06, 13 DE JANEIRO DE 2025<\/strong><\/span><\/p>\n<p><span class=\"fontstyle0\">Altera Resolu\u00e7\u00e3o 64 de 28 de novembro de 2023, que designa os <\/span><span class=\"fontstyle0\">membros da Comiss\u00e3o Estadual para o Desenvolvimento Sustent\u00e1vel <\/span><span class=\"fontstyle0\">dos Povos e Comunidades Tradicionais de Minas Gerais \u2013 Cepct-MG.<\/span><\/p>\n<p><a class=\"fasc-button fasc-size-medium fasc-type-flat fasc-ico-before dashicons-arrow-down-alt\" style=\"background-color: #33809e; color: #ffffff;\" href=\"http:\/\/200.198.49.238\/cepct\/wp-content\/uploads\/2025\/04\/Resolucao-64.pdf\">Baixar<\/a><\/p>\n<p>&nbsp;<\/p>\n<p><strong><span class=\"fontstyle0\">RESOLU\u00c7\u00c3O SEDESE N\u00ba 64, DE 28 DE NOVEMBRO DE 2023<\/span><\/strong><\/p>\n<p><span class=\"fontstyle0\">Designa os membros da Comiss\u00e3o Estadual para o Desenvolvimento <\/span><span class=\"fontstyle0\">Sustent\u00e1vel dos Povos e Comunidades Tradicionais de Minas Gerais <\/span><span class=\"fontstyle0\">\u2013 CEPCT-MG<\/span><\/p>\n<p><a class=\"fasc-button fasc-size-medium fasc-type-flat fasc-ico-before dashicons-arrow-down-alt\" style=\"background-color: #33809e; color: #ffffff;\" href=\"http:\/\/200.198.49.238\/cepct\/wp-content\/uploads\/2025\/04\/Resolucao-64.pdf\">Baixar<\/a><\/p>\n<p>&nbsp;<\/p>\n<p>&nbsp;<\/p>\n<p>&nbsp;<\/p>\n","protected":false},"excerpt":{"rendered":"<p>RESOLU\u00c7\u00c3O SEDESE N\u00ba 06, 13 DE JANEIRO DE 2025 Altera Resolu\u00e7\u00e3o 64 de 28 de novembro de 2023, que designa os membros da Comiss\u00e3o Estadual para o Desenvolvimento Sustent\u00e1vel dos Povos e Comunidades Tradicionais de Minas Gerais \u2013 Cepct-MG. Baixar &nbsp; RESOLU\u00c7\u00c3O SEDESE N\u00ba 64, DE 28 DE NOVEMBRO DE 2023 Designa os membros da &hellip; <\/p>\n<p class=\"link-more\"><a href=\"https:\/\/cepct.social.mg.gov.br\/?page_id=8998\" class=\"more-link\">Leia mais<span class=\"screen-reader-text\"> &#8220;Resolu\u00e7\u00f5es&#8221;<\/span><\/a><\/p>\n","protected":false},"author":7,"featured_media":0,"parent":0,"menu_order":0,"comment_status":"closed","ping_status":"closed","template":"","meta":{"_monsterinsights_skip_tracking":false,"_monsterinsights_sitenote_active":false,"_monsterinsights_sitenote_note":"","_monsterinsights_sitenote_category":0,"footnotes":""},"class_list":["post-8998","page","type-page","status-publish","hentry"],"aioseo_notices":[],"featured_media_urls":[],"_links":{"self":[{"href":"https:\/\/cepct.social.mg.gov.br\/index.php?rest_route=\/wp\/v2\/pages\/8998","targetHints":{"allow":["GET"]}}],"collection":[{"href":"https:\/\/cepct.social.mg.gov.br\/index.php?rest_route=\/wp\/v2\/pages"}],"about":[{"href":"https:\/\/cepct.social.mg.gov.br\/index.php?rest_route=\/wp\/v2\/types\/page"}],"author":[{"embeddable":true,"href":"https:\/\/cepct.social.mg.gov.br\/index.php?rest_route=\/wp\/v2\/users\/7"}],"replies":[{"embeddable":true,"href":"https:\/\/cepct.social.mg.gov.br\/index.php?rest_route=%2Fwp%2Fv2%2Fcomments&post=8998"}],"version-history":[{"count":8,"href":"https:\/\/cepct.social.mg.gov.br\/index.php?rest_route=\/wp\/v2\/pages\/8998\/revisions"}],"predecessor-version":[{"id":9224,"href":"https:\/\/cepct.social.mg.gov.br\/index.php?rest_route=\/wp\/v2\/pages\/8998\/revisions\/9224"}],"wp:attachment":[{"href":"https:\/\/cepct.social.mg.gov.br\/index.php?rest_route=%2Fwp%2Fv2%2Fmedia&parent=8998"}],"curies":[{"name":"wp","href":"https:\/\/api.w.org\/{rel}","templated":true}]}}