{"id":5592,"date":"2016-12-05T09:17:34","date_gmt":"2016-12-05T11:17:34","guid":{"rendered":"http:\/\/demo.wpzoom.com\/inspiro\/?page_id=5592"},"modified":"2025-04-09T08:31:21","modified_gmt":"2025-04-09T11:31:21","slug":"oconselho","status":"publish","type":"page","link":"https:\/\/cepct.social.mg.gov.br\/?page_id=5592","title":{"rendered":"A Comiss\u00e3o"},"content":{"rendered":"\t\t<div data-elementor-type=\"wp-page\" data-elementor-id=\"5592\" class=\"elementor elementor-5592\" data-elementor-post-type=\"page\">\n\t\t\t\t<div class=\"elementor-element elementor-element-4349a44 e-flex e-con-boxed e-con e-parent\" data-id=\"4349a44\" data-element_type=\"container\">\n\t\t\t\t\t<div class=\"e-con-inner\">\n\t\t\t\t\t<\/div>\n\t\t\t\t<\/div>\n\t\t<div class=\"elementor-element elementor-element-f549b3b e-flex e-con-boxed e-con e-parent\" data-id=\"f549b3b\" data-element_type=\"container\">\n\t\t\t\t\t<div class=\"e-con-inner\">\n\t\t\t\t<div class=\"elementor-element elementor-element-e7ac4f1 elementor-widget elementor-widget-text-editor\" data-id=\"e7ac4f1\" data-element_type=\"widget\" data-widget_type=\"text-editor.default\">\n\t\t\t\t<div class=\"elementor-widget-container\">\n\t\t\t\t\t\t\t\t\t<p><strong>A Comiss\u00e3o Estadual de Desenvolvimento Sustent\u00e1vel de Povos e Comunidades Tradicionais<\/strong> foi criada pelo Decreto 46.671 de 16 de dezembro de 2014, e regulamentada pelo Decreto n\u00ba 48.691 de 15 de setembro de 2023.\u00a0<\/p><p>A CEPCT\/MG \u00e9 um \u00f3rg\u00e3o colegiado deliberativo, composta com membros da Sociedade Civil e do Poder P\u00fablico, e integra por vincula\u00e7\u00e3o administrativa a \u00e1rea de compet\u00eancia da Secretaria de Estado de Desenvolvimento Social &#8211; Sedese. A Comiss\u00e3o tem a finalidade de coordenar e implantar a Pol\u00edtica Estadual para o Desenvolvimento Sustent\u00e1vel de Povos e Comunidades Tradicionais, de que trata a Lei n\u00ba 21.147, de 13 de janeiro de 2014.<\/p><p>A CEPCT-MG tem por finalidade coordenar e implementar a Pol\u00edtica Estadual para o Desenvolvimento Sustent\u00e1vel dos Povos e Comunidades Tradicionais:<\/p><ul><li>Elaborar, acompanhar e monitorar a execu\u00e7\u00e3o do Plano Estadual para o Desenvolvimento Sustent\u00e1vel dos Povos e Comunidades Tradicionais de Minas Gerais;<\/li><li>Propor as a\u00e7\u00f5es necess\u00e1rias para a articula\u00e7\u00e3o, execu\u00e7\u00e3o e consolida\u00e7\u00e3o de pol\u00edticas relevantes para o desenvolvimento sustent\u00e1vel dos povos e comunidades tradicionais, estimulando a descentraliza\u00e7\u00e3o da execu\u00e7\u00e3o destas a\u00e7\u00f5es e a participa\u00e7\u00e3o da sociedade civil, com especial aten\u00e7\u00e3o ao atendimento das situa\u00e7\u00f5es que exijam provid\u00eancias especiais ou de car\u00e1ter emergencial;<\/li><li>Identificar a necessidade e propor a cria\u00e7\u00e3o ou modifica\u00e7\u00e3o de instrumentos necess\u00e1rios \u00e0 implementa\u00e7\u00e3o de pol\u00edticas relevantes para o desenvolvimento sustent\u00e1vel dos povos e comunidades tradicionais;<\/li><li>Criar e coordenar c\u00e2maras t\u00e9cnicas ou grupos de trabalho, compostos por membros integrantes da CEPCT-MG e convidados, com a finalidade de promover a discuss\u00e3o e a articula\u00e7\u00e3o de temas relevantes para a implementa\u00e7\u00e3o dos programas, a\u00e7\u00f5es e projetos voltados para o desenvolvimento sustent\u00e1vel dos povos e comunidades tradicionais, observadas as compet\u00eancias de outros colegiados institu\u00eddos no \u00e2mbito do Estado;<\/li><li>Promover, em articula\u00e7\u00e3o com \u00f3rg\u00e3os, entidades e colegiados envolvidos, debates p\u00fablicos sobre os temas relacionados \u00e0 formula\u00e7\u00e3o e execu\u00e7\u00e3o de pol\u00edticas voltadas para o desenvolvimento sustent\u00e1vel dos povos e comunidades tradicionais;<\/li><li>Emitir a Certid\u00e3o de Autodefini\u00e7\u00e3o para reconhecimento formal dos povos e comunidades tradicionais de Minas Gerais, quando solicitada, com exce\u00e7\u00e3o dos povos e comunidades ind\u00edgenas e das comunidades remanescentes dos quilombos, que disp\u00f5em de mecanismos pr\u00f3prios para o reconhecimento formal.<\/li><\/ul><p>Cabe a CEPCT a elabora\u00e7\u00e3o do Plano Estadual para o Desenvolvimento Sustent\u00e1vel dos Povos e Comunidades Tradicionais de Minas Gerais, que dever\u00e1 ser constru\u00eddo de forma articulada em todas as suas etapas, mediante di\u00e1logo permanente com as comunidades envolvidas, suas organiza\u00e7\u00f5es representativas e de apoio, contemplando:<\/p><ul><li>O diagn\u00f3stico da realidade dos povos e comunidades tradicionais de Minas Gerais;<\/li><li>A identifica\u00e7\u00e3o das estrat\u00e9gias, dos programas, das a\u00e7\u00f5es e das metas a serem implementadas;<\/li><li>A indica\u00e7\u00e3o das fontes or\u00e7ament\u00e1rias e dos recursos administrativos a serem alocados para a sua efetiva\u00e7\u00e3o;<\/li><li>A defini\u00e7\u00e3o dos prazos, dos indicadores e das formas de monitoramento.<\/li><\/ul>\t\t\t\t\t\t\t\t<\/div>\n\t\t\t\t<\/div>\n\t\t\t\t\t<\/div>\n\t\t\t\t<\/div>\n\t\t\t\t<\/div>\n\t\t","protected":false},"excerpt":{"rendered":"<p>A Comiss\u00e3o Estadual de Desenvolvimento Sustent\u00e1vel de Povos e Comunidades Tradicionais foi criada pelo Decreto 46.671 de 16 de dezembro de 2014, e regulamentada pelo Decreto n\u00ba 48.691 de 15 de setembro de 2023.\u00a0 A CEPCT\/MG \u00e9 um \u00f3rg\u00e3o colegiado deliberativo, composta com membros da Sociedade Civil e do Poder P\u00fablico, e integra por vincula\u00e7\u00e3o &hellip; <\/p>\n<p class=\"link-more\"><a href=\"https:\/\/cepct.social.mg.gov.br\/?page_id=5592\" class=\"more-link\">Leia mais<span class=\"screen-reader-text\"> &#8220;A Comiss\u00e3o&#8221;<\/span><\/a><\/p>\n","protected":false},"author":1,"featured_media":0,"parent":0,"menu_order":0,"comment_status":"closed","ping_status":"closed","template":"page-templates\/full-width-builder-bb.php","meta":{"_monsterinsights_skip_tracking":false,"_monsterinsights_sitenote_active":false,"_monsterinsights_sitenote_note":"","_monsterinsights_sitenote_category":0,"footnotes":""},"class_list":["post-5592","page","type-page","status-publish","hentry"],"aioseo_notices":[],"featured_media_urls":[],"_links":{"self":[{"href":"https:\/\/cepct.social.mg.gov.br\/index.php?rest_route=\/wp\/v2\/pages\/5592","targetHints":{"allow":["GET"]}}],"collection":[{"href":"https:\/\/cepct.social.mg.gov.br\/index.php?rest_route=\/wp\/v2\/pages"}],"about":[{"href":"https:\/\/cepct.social.mg.gov.br\/index.php?rest_route=\/wp\/v2\/types\/page"}],"author":[{"embeddable":true,"href":"https:\/\/cepct.social.mg.gov.br\/index.php?rest_route=\/wp\/v2\/users\/1"}],"replies":[{"embeddable":true,"href":"https:\/\/cepct.social.mg.gov.br\/index.php?rest_route=%2Fwp%2Fv2%2Fcomments&post=5592"}],"version-history":[{"count":67,"href":"https:\/\/cepct.social.mg.gov.br\/index.php?rest_route=\/wp\/v2\/pages\/5592\/revisions"}],"predecessor-version":[{"id":9238,"href":"https:\/\/cepct.social.mg.gov.br\/index.php?rest_route=\/wp\/v2\/pages\/5592\/revisions\/9238"}],"wp:attachment":[{"href":"https:\/\/cepct.social.mg.gov.br\/index.php?rest_route=%2Fwp%2Fv2%2Fmedia&parent=5592"}],"curies":[{"name":"wp","href":"https:\/\/api.w.org\/{rel}","templated":true}]}}