{"id":5550,"date":"2016-12-03T15:08:37","date_gmt":"2016-12-03T17:08:37","guid":{"rendered":"http:\/\/demo.wpzoom.com\/inspiro\/?page_id=5550"},"modified":"2025-04-08T11:27:45","modified_gmt":"2025-04-08T14:27:45","slug":"inicio","status":"publish","type":"page","link":"https:\/\/cepct.social.mg.gov.br\/","title":{"rendered":"IN\u00cdCIO"},"content":{"rendered":"\t\t<div data-elementor-type=\"wp-page\" data-elementor-id=\"5550\" class=\"elementor elementor-5550\" data-elementor-post-type=\"page\">\n\t\t\t\t<div class=\"elementor-element elementor-element-db2d6a9 e-flex e-con-boxed e-con e-parent\" data-id=\"db2d6a9\" data-element_type=\"container\">\n\t\t\t\t\t<div class=\"e-con-inner\">\n\t\t\t\t<div class=\"elementor-element elementor-element-4e115c9 elementor-widget elementor-widget-spacer\" data-id=\"4e115c9\" data-element_type=\"widget\" data-widget_type=\"spacer.default\">\n\t\t\t\t<div class=\"elementor-widget-container\">\n\t\t\t\t\t\t\t<div class=\"elementor-spacer\">\n\t\t\t<div class=\"elementor-spacer-inner\"><\/div>\n\t\t<\/div>\n\t\t\t\t\t\t<\/div>\n\t\t\t\t<\/div>\n\t\t\t\t\t<\/div>\n\t\t\t\t<\/div>\n\t\t<div class=\"elementor-element elementor-element-5a2b8b9 e-flex e-con-boxed e-con e-parent\" data-id=\"5a2b8b9\" data-element_type=\"container\">\n\t\t\t\t\t<div class=\"e-con-inner\">\n\t\t\t\t<div class=\"elementor-element elementor-element-6d59b79 elementor-widget elementor-widget-eael-adv-tabs\" data-id=\"6d59b79\" data-element_type=\"widget\" data-widget_type=\"eael-adv-tabs.default\">\n\t\t\t\t<div class=\"elementor-widget-container\">\n\t\t\t\t\t        <div data-scroll-on-click=\"no\" data-scroll-speed=\"300\" id=\"eael-advance-tabs-6d59b79\" class=\"eael-advance-tabs eael-tabs-horizontal eael-tab-auto-active \" data-tabid=\"6d59b79\">\n            <div class=\"eael-tabs-nav \">\n                <ul class=\"eael-tab-inline-icon\" role=\"tablist\">\n                                            <li id=\"decreto\" class=\"inactive eael-tab-item-trigger eael-tab-nav-item\" aria-selected=\"true\" data-tab=\"1\" role=\"tab\" tabindex=\"0\" aria-controls=\"decreto-tab\" aria-expanded=\"false\">\n                            \n                                                                <i class=\"xlwpf wppb-font-file-alt\"><\/i>                                                            \n                                                            <span class=\"eael-tab-title title-after-icon\" >Decreto<\/span>                            \n                                                    <\/li>\n                                            <li id=\"regimento-interno\" class=\"inactive eael-tab-item-trigger eael-tab-nav-item\" aria-selected=\"false\" data-tab=\"2\" role=\"tab\" tabindex=\"-1\" aria-controls=\"regimento-interno-tab\" aria-expanded=\"false\">\n                            \n                                                                <svg class=\"e-font-icon-svg e-far-file\" viewBox=\"0 0 384 512\" xmlns=\"http:\/\/www.w3.org\/2000\/svg\"><path d=\"M369.9 97.9L286 14C277 5 264.8-.1 252.1-.1H48C21.5 0 0 21.5 0 48v416c0 26.5 21.5 48 48 48h288c26.5 0 48-21.5 48-48V131.9c0-12.7-5.1-25-14.1-34zM332.1 128H256V51.9l76.1 76.1zM48 464V48h160v104c0 13.3 10.7 24 24 24h104v288H48z\"><\/path><\/svg>                                                            \n                                                            <span class=\"eael-tab-title title-after-icon\" >Regimento Interno<\/span>                            \n                                                    <\/li>\n                                            <li id=\"cartilha-de-orientao-aos-rgos-colegiados\" class=\"inactive eael-tab-item-trigger eael-tab-nav-item\" aria-selected=\"false\" data-tab=\"3\" role=\"tab\" tabindex=\"-1\" aria-controls=\"cartilha-de-orientao-aos-rgos-colegiados-tab\" aria-expanded=\"false\">\n                            \n                                                                <svg class=\"e-font-icon-svg e-fas-home\" viewBox=\"0 0 576 512\" xmlns=\"http:\/\/www.w3.org\/2000\/svg\"><path d=\"M280.37 148.26L96 300.11V464a16 16 0 0 0 16 16l112.06-.29a16 16 0 0 0 15.92-16V368a16 16 0 0 1 16-16h64a16 16 0 0 1 16 16v95.64a16 16 0 0 0 16 16.05L464 480a16 16 0 0 0 16-16V300L295.67 148.26a12.19 12.19 0 0 0-15.3 0zM571.6 251.47L488 182.56V44.05a12 12 0 0 0-12-12h-56a12 12 0 0 0-12 12v72.61L318.47 43a48 48 0 0 0-61 0L4.34 251.47a12 12 0 0 0-1.6 16.9l25.5 31A12 12 0 0 0 45.15 301l235.22-193.74a12.19 12.19 0 0 1 15.3 0L530.9 301a12 12 0 0 0 16.9-1.6l25.5-31a12 12 0 0 0-1.7-16.93z\"><\/path><\/svg>                                                            \n                                                            <span class=\"eael-tab-title title-after-icon\" >Cartilha de Orienta\u00e7\u00e3o aos \u00d3rg\u00e3os Colegiados<\/span>                            \n                                                    <\/li>\n                    \n                                  <\/ul>\n            <\/div>\n            \n            <div class=\"eael-tabs-content\">\n\t\t        \n                    <div id=\"decreto-tab\" class=\"clearfix eael-tab-content-item inactive\" data-title-link=\"decreto-tab\">\n\t\t\t\t        <p><a href=\"https:\/\/www.almg.gov.br\/legislacao-mineira\/texto\/LEI\/21147\/2014\/\">Lei n\u00ba 21.147, de 14\/01\/2014<\/a><\/p><p>Institui a pol\u00edtica estadual para o desenvolvimento sustent\u00e1vel dos povos e comunidades tradicionais de Minas Gerais.<\/p><p><a href=\"https:\/\/www.almg.gov.br\/legislacao-mineira\/DEC\/48691\/2023\/\">Decreto n\u00ba 48.691, de 15\/09\/2023<\/a><\/p><p>Disp\u00f5e sobre a Comiss\u00e3o Estadual para o Desenvolvimento Sustent\u00e1vel dos Povos e Comunidades Tradicionais de Minas Gerais.<\/p>                    <\/div>\n\t\t        \n                    <div id=\"regimento-interno-tab\" class=\"clearfix eael-tab-content-item inactive\" data-title-link=\"regimento-interno-tab\">\n\t\t\t\t        <p>O Regimento Interno da CEPCT possui aprova\u00e7\u00e3o em Plen\u00e1ria realizada em 21 de mar\u00e7o de 2016, contudo, n\u00e3o h\u00e1 publica\u00e7\u00e3o no Di\u00e1rio Oficial Eletr\u00f4nico Minas Gerais. O referenciado Regimento Interno est\u00e1 vigente e pauta as a\u00e7\u00f5es da Comiss\u00e3o.<br \/><br \/><a href=\"http:\/\/200.198.49.238\/cepct\/wp-content\/uploads\/2025\/04\/Regimento-Interno-CEPCT.pdf\">Regimento interno da comiss\u00e3o estadual para o desenvolvimento sustent\u00e1vel dos povos e comunidades tradicionais<\/a><\/p>                    <\/div>\n\t\t        \n                    <div id=\"cartilha-de-orientao-aos-rgos-colegiados-tab\" class=\"clearfix eael-tab-content-item inactive\" data-title-link=\"cartilha-de-orientao-aos-rgos-colegiados-tab\">\n\t\t\t\t        <p><a href=\"http:\/\/200.198.49.238\/crianca\/wp-content\/uploads\/2025\/03\/Cartilha_DAOCDH.pdf\" target=\"_blank\" rel=\"noopener\">Cartilha de Orienta\u00e7\u00e3o aos \u00d3rg\u00e3os Colegiados de Direitos Humanos do Estado de Minas Gerais<\/a><\/p>                    <\/div>\n\t\t                    <\/div>\n        <\/div>\n\t\t\t\t<\/div>\n\t\t\t\t<\/div>\n\t\t\t\t\t<\/div>\n\t\t\t\t<\/div>\n\t\t<div class=\"elementor-element elementor-element-274c616 e-flex e-con-boxed e-con e-parent\" data-id=\"274c616\" data-element_type=\"container\">\n\t\t\t\t\t<div class=\"e-con-inner\">\n\t\t\t\t<div class=\"elementor-element elementor-element-7b39963 elementor-widget elementor-widget-spacer\" data-id=\"7b39963\" data-element_type=\"widget\" data-widget_type=\"spacer.default\">\n\t\t\t\t<div class=\"elementor-widget-container\">\n\t\t\t\t\t\t\t<div class=\"elementor-spacer\">\n\t\t\t<div class=\"elementor-spacer-inner\"><\/div>\n\t\t<\/div>\n\t\t\t\t\t\t<\/div>\n\t\t\t\t<\/div>\n\t\t\t\t\t<\/div>\n\t\t\t\t<\/div>\n\t\t\t\t<section class=\"elementor-section elementor-top-section elementor-element elementor-element-7a196d08 elementor-section-boxed elementor-section-height-default elementor-section-height-default\" data-id=\"7a196d08\" data-element_type=\"section\" data-settings=\"{&quot;background_background&quot;:&quot;classic&quot;}\">\n\t\t\t\t\t\t<div class=\"elementor-container elementor-column-gap-no\">\n\t\t\t\t\t<div class=\"elementor-column elementor-col-100 elementor-top-column elementor-element elementor-element-4193189e\" data-id=\"4193189e\" data-element_type=\"column\">\n\t\t\t<div class=\"elementor-widget-wrap elementor-element-populated\">\n\t\t\t\t\t\t<div class=\"elementor-element elementor-element-76a03ea3 elementor-widget elementor-widget-heading\" data-id=\"76a03ea3\" data-element_type=\"widget\" data-widget_type=\"heading.default\">\n\t\t\t\t<div class=\"elementor-widget-container\">\n\t\t\t\t\t<h2 class=\"elementor-heading-title elementor-size-default\"><a href=\"http:\/\/200.198.49.238\/crianca\/?page_id=4684\">not\u00edcias<\/a><\/h2>\t\t\t\t<\/div>\n\t\t\t\t<\/div>\n\t\t\t\t<div class=\"elementor-element elementor-element-3aab6ec4 elementor-grid-3 elementor-grid-tablet-2 elementor-grid-mobile-1 elementor-widget elementor-widget-wpzoom-elementor-addons-posts-grid\" data-id=\"3aab6ec4\" data-element_type=\"widget\" data-settings=\"{&quot;columns&quot;:&quot;3&quot;,&quot;columns_tablet&quot;:&quot;2&quot;,&quot;columns_mobile&quot;:&quot;1&quot;}\" data-widget_type=\"wpzoom-elementor-addons-posts-grid.default\">\n\t\t\t\t<div class=\"elementor-widget-container\">\n\t\t\t\t\t\t\t<div \n\t\t\tclass=\"wpz-grid\" \n\t\t\tdata-uid=\"3aab6ec4\"\n\t\t\tdata-offset=\"3\"\n\t\t\tdata-posts-grid='{\"posts_per_page\":3,\"post_status\":\"publish\",\"paged\":1,\"post__not_in\":[],\"ignore_sticky_posts\":true,\"category_name\":\"\",\"no_found_rows\":true,\"orderby\":\"post_date\",\"order\":\"desc\",\"offset\":3,\"show_image\":\"yes\",\"post_thumbnail_size\":\"recent-thumbnail\",\"show_title\":\"yes\",\"title_tag\":\"h3\",\"meta_data\":[],\"show_excerpt\":\"yes\",\"excerpt_length\":25,\"show_read_more\":\"yes\",\"read_more_text\":\"Leia mais &rarr;\",\"grid_style\":\"5\",\"total\":0}'>\n\t\t\t\t\t\t<div class=\"wpz-grid-container elementor-grid wpz-grid-desktop-3  wpz-grid-tablet-2  wpz-grid-mobile-1  grid-meta-bottom\">\n\t\t\t\t\t\t\t<\/div>\n\n\t\t\t\t\t\t\t\t\n\t\t<\/div><!-- \/\/.wpz-grid -->\n\t\t\t\t\t\t<\/div>\n\t\t\t\t<\/div>\n\t\t\t\t\t<\/div>\n\t\t<\/div>\n\t\t\t\t\t<\/div>\n\t\t<\/section>\n\t\t\t\t<section class=\"elementor-section elementor-top-section elementor-element elementor-element-6bf6ecca elementor-section-full_width elementor-section-height-default elementor-section-height-default\" data-id=\"6bf6ecca\" data-element_type=\"section\">\n\t\t\t\t\t\t<div class=\"elementor-container elementor-column-gap-default\">\n\t\t\t\t\t<div class=\"elementor-column elementor-col-100 elementor-top-column elementor-element elementor-element-cded212\" data-id=\"cded212\" data-element_type=\"column\" data-settings=\"{&quot;background_background&quot;:&quot;classic&quot;}\">\n\t\t\t<div class=\"elementor-widget-wrap elementor-element-populated\">\n\t\t\t\t\t\t<div class=\"elementor-element elementor-element-51ab04c9 elementor-widget elementor-widget-heading\" data-id=\"51ab04c9\" data-element_type=\"widget\" data-widget_type=\"heading.default\">\n\t\t\t\t<div class=\"elementor-widget-container\">\n\t\t\t\t\t<h2 class=\"elementor-heading-title elementor-size-default\">NOSSO ENDERE\u00c7O<\/h2>\t\t\t\t<\/div>\n\t\t\t\t<\/div>\n\t\t\t\t<div class=\"elementor-element elementor-element-221e78c6 elementor-widget-tablet__width-inherit elementor-widget-mobile__width-inherit elementor-widget elementor-widget-text-editor\" data-id=\"221e78c6\" data-element_type=\"widget\" data-widget_type=\"text-editor.default\">\n\t\t\t\t<div class=\"elementor-widget-container\">\n\t\t\t\t\t\t\t\t\t<p><span class=\"w8qArf\">CASA DOS DIREITOS HUMANOS<br \/><\/span><span class=\"LrzXr\">Av. Amazonas, 558 \u2013 Centro<br \/><\/span>Belo Horizonte \u2013 MG<br \/>CEP: 30170-130<\/p>\t\t\t\t\t\t\t\t<\/div>\n\t\t\t\t<\/div>\n\t\t\t\t<div class=\"elementor-element elementor-element-6327c758 elementor-widget elementor-widget-google_maps\" data-id=\"6327c758\" data-element_type=\"widget\" data-widget_type=\"google_maps.default\">\n\t\t\t\t<div class=\"elementor-widget-container\">\n\t\t\t\t\t\t\t<div class=\"elementor-custom-embed\">\n\t\t\t<iframe loading=\"lazy\"\n\t\t\t\t\tsrc=\"https:\/\/maps.google.com\/maps?q=CASA%20DOS%20DIREITOS%20HUMANOS%20Av.%20Amazonas%2C%20558%20%E2%80%93%20Centro%20Belo%20Horizonte%20%E2%80%93%20MG%20CEP%3A%2030170-130&#038;t=m&#038;z=16&#038;output=embed&#038;iwloc=near\"\n\t\t\t\t\ttitle=\"CASA DOS DIREITOS HUMANOS Av. Amazonas, 558 \u2013 Centro Belo Horizonte \u2013 MG CEP: 30170-130\"\n\t\t\t\t\taria-label=\"CASA DOS DIREITOS HUMANOS Av. Amazonas, 558 \u2013 Centro Belo Horizonte \u2013 MG CEP: 30170-130\"\n\t\t\t><\/iframe>\n\t\t<\/div>\n\t\t\t\t\t\t<\/div>\n\t\t\t\t<\/div>\n\t\t\t\t\t<\/div>\n\t\t<\/div>\n\t\t\t\t\t<\/div>\n\t\t<\/section>\n\t\t<div class=\"elementor-element elementor-element-411b717 e-flex e-con-boxed e-con e-parent\" data-id=\"411b717\" data-element_type=\"container\">\n\t\t\t\t\t<div class=\"e-con-inner\">\n\t\t\t\t<div class=\"elementor-element elementor-element-08f3c28 elementor-widget elementor-widget-spacer\" data-id=\"08f3c28\" data-element_type=\"widget\" data-widget_type=\"spacer.default\">\n\t\t\t\t<div class=\"elementor-widget-container\">\n\t\t\t\t\t\t\t<div class=\"elementor-spacer\">\n\t\t\t<div class=\"elementor-spacer-inner\"><\/div>\n\t\t<\/div>\n\t\t\t\t\t\t<\/div>\n\t\t\t\t<\/div>\n\t\t\t\t\t<\/div>\n\t\t\t\t<\/div>\n\t\t\t\t<\/div>\n\t\t","protected":false},"excerpt":{"rendered":"<p>Decreto Regimento Interno Cartilha de Orienta\u00e7\u00e3o aos \u00d3rg\u00e3os Colegiados Lei n\u00ba 21.147, de 14\/01\/2014 Institui a pol\u00edtica estadual para o desenvolvimento sustent\u00e1vel dos povos e comunidades tradicionais de Minas Gerais. Decreto n\u00ba 48.691, de 15\/09\/2023 Disp\u00f5e sobre a Comiss\u00e3o Estadual para o Desenvolvimento Sustent\u00e1vel dos Povos e Comunidades Tradicionais de Minas Gerais. O Regimento Interno &hellip; <\/p>\n<p class=\"link-more\"><a href=\"https:\/\/cepct.social.mg.gov.br\/\" class=\"more-link\">Leia mais<span class=\"screen-reader-text\"> &#8220;IN\u00cdCIO&#8221;<\/span><\/a><\/p>\n","protected":false},"author":1,"featured_media":0,"parent":0,"menu_order":0,"comment_status":"closed","ping_status":"closed","template":"page-templates\/homepage-builder-bb.php","meta":{"_monsterinsights_skip_tracking":false,"_monsterinsights_sitenote_active":false,"_monsterinsights_sitenote_note":"","_monsterinsights_sitenote_category":0,"footnotes":""},"class_list":["post-5550","page","type-page","status-publish","hentry"],"aioseo_notices":[],"featured_media_urls":[],"_links":{"self":[{"href":"https:\/\/cepct.social.mg.gov.br\/index.php?rest_route=\/wp\/v2\/pages\/5550","targetHints":{"allow":["GET"]}}],"collection":[{"href":"https:\/\/cepct.social.mg.gov.br\/index.php?rest_route=\/wp\/v2\/pages"}],"about":[{"href":"https:\/\/cepct.social.mg.gov.br\/index.php?rest_route=\/wp\/v2\/types\/page"}],"author":[{"embeddable":true,"href":"https:\/\/cepct.social.mg.gov.br\/index.php?rest_route=\/wp\/v2\/users\/1"}],"replies":[{"embeddable":true,"href":"https:\/\/cepct.social.mg.gov.br\/index.php?rest_route=%2Fwp%2Fv2%2Fcomments&post=5550"}],"version-history":[{"count":127,"href":"https:\/\/cepct.social.mg.gov.br\/index.php?rest_route=\/wp\/v2\/pages\/5550\/revisions"}],"predecessor-version":[{"id":9344,"href":"https:\/\/cepct.social.mg.gov.br\/index.php?rest_route=\/wp\/v2\/pages\/5550\/revisions\/9344"}],"wp:attachment":[{"href":"https:\/\/cepct.social.mg.gov.br\/index.php?rest_route=%2Fwp%2Fv2%2Fmedia&parent=5550"}],"curies":[{"name":"wp","href":"https:\/\/api.w.org\/{rel}","templated":true}]}}